{"id":48,"date":"2019-11-27T20:44:48","date_gmt":"2019-11-27T20:44:48","guid":{"rendered":"http:\/\/eifler.world\/?page_id=48"},"modified":"2019-11-30T21:53:47","modified_gmt":"2019-11-30T21:53:47","slug":"christian-eifler-rechtsanwalt-strafverteidiger","status":"publish","type":"page","link":"http:\/\/eifler.world\/?page_id=48","title":{"rendered":"Christian Eifler &#8211; Rechtsanwalt \/ Strafverteidiger"},"content":{"rendered":"\n<p>Die anwaltliche T\u00e4tigkeit der Kanzlei erstreckt sich grunds\u00e4tzlich auf alle strafrechtlichen und steuerrechtlichen Bereiche. Ich nehme die Interessen meiner Mandanten gerichtlich und au\u00dfergerichtlich wahr.<br>In den letzten Jahren habe ich als Strafverteidiger die Interessen meiner Mandanten \u00fcberwiegend in folgenden Bereichen des Strafrechts vertreten:<\/p>\n\n\n\n<p>Strafverteidigung im Bereich des Bet\u00e4ubungsmittelstrafrechts (BtmG): &#8211; In diesem Bereich habe ich zahlreiche Mandanten vertreten, welche sich den Vorw\u00fcrfen des Handeltreibens mit und des Anbaus \/ Herstellens von Bet\u00e4ubungsmitteln in nicht geringer Menge ausgesetzt sahen.  Hierbei handelte es sich weitestgehend um Verfahren welche die Drogen Cannabis \/ Marihuana und &#8222;Crystal&#8220; \/ Methamphetamin betrafen. <\/p>\n\n\n\n<p>Strafverteidigung im Bereich der Kapitaldelikte: Gemeint ist hiermit die Verteidigung von Mandanten, welche sich dem Vorwurf des Mordes, versuchten Mordes und des Totschlags oder versuchten Totschlags ausgesetzt sahen. <\/p>\n\n\n\n<p>Vertretung im steuer-, steuerstraf- und wirtschaftsstrafrechtlichen Bereichen:<br>Hier vertrete ich regelm\u00e4\u00dfig Mandanten im Bereich des Steuerstrafrechts (Steuerhinterziehung, Steuerverk\u00fcrzung), teilweise erfolgt die Vertretung \/ Verteidigung parallel zu einer Vertretung durch mich in Rechtsbehelfs &#8211; verfahren vor den Finanzbeh\u00f6rden oder vor den Finanzgerichten der L\u00e4nder. <br>Straftaten, welche einen Bezug zum Wirtschafts- bzw. Gesch\u00e4ftsleben haben, bezeichnet man regelm\u00e4\u00dfig als Wirtschaftsstrafrecht. Hier vertrete ich ebenfalls die Interessen meiner Mandanten, insbesondere bei den Vorw\u00fcrfen des Betruges, Insolvenzverschleppung, Untreue, Verst\u00f6\u00dfen gegen das UWG (progressive Kundenwerbung, auch als Schneeballsysteme, Pyramidensysteme bekannt) und des Veruntreuens und Vorenthaltens von Arbeitsentgelten. <\/p>\n\n\n\n<p>Christian Eifler &#8211; Rechtsanwalt \/ Strafverteidiger<\/p>\n","protected":false},"excerpt":{"rendered":"<p>Die anwaltliche T\u00e4tigkeit der Kanzlei erstreckt sich grunds\u00e4tzlich auf alle strafrechtlichen und steuerrechtlichen Bereiche. Ich nehme die Interessen meiner Mandanten gerichtlich und au\u00dfergerichtlich wahr.In den letzten Jahren habe ich als Strafverteidiger die Interessen meiner Mandanten \u00fcberwiegend in folgenden Bereichen des Strafrechts vertreten: Strafverteidigung im Bereich des Bet\u00e4ubungsmittelstrafrechts (BtmG): &#8211; In diesem Bereich habe ich zahlreiche&hellip;<\/p>\n","protected":false},"author":1,"featured_media":0,"parent":0,"menu_order":4,"comment_status":"closed","ping_status":"closed","template":"","meta":{"footnotes":""},"class_list":["post-48","page","type-page","status-publish","hentry"],"_links":{"self":[{"href":"http:\/\/eifler.world\/index.php?rest_route=\/wp\/v2\/pages\/48","targetHints":{"allow":["GET"]}}],"collection":[{"href":"http:\/\/eifler.world\/index.php?rest_route=\/wp\/v2\/pages"}],"about":[{"href":"http:\/\/eifler.world\/index.php?rest_route=\/wp\/v2\/types\/page"}],"author":[{"embeddable":true,"href":"http:\/\/eifler.world\/index.php?rest_route=\/wp\/v2\/users\/1"}],"replies":[{"embeddable":true,"href":"http:\/\/eifler.world\/index.php?rest_route=%2Fwp%2Fv2%2Fcomments&post=48"}],"version-history":[{"count":8,"href":"http:\/\/eifler.world\/index.php?rest_route=\/wp\/v2\/pages\/48\/revisions"}],"predecessor-version":[{"id":114,"href":"http:\/\/eifler.world\/index.php?rest_route=\/wp\/v2\/pages\/48\/revisions\/114"}],"wp:attachment":[{"href":"http:\/\/eifler.world\/index.php?rest_route=%2Fwp%2Fv2%2Fmedia&parent=48"}],"curies":[{"name":"wp","href":"https:\/\/api.w.org\/{rel}","templated":true}]}}